{"id":2074,"date":"2025-02-04T19:46:02","date_gmt":"2025-02-04T19:46:02","guid":{"rendered":"https:\/\/724bc.com.co\/we-careers-724bc\/"},"modified":"2025-03-14T03:18:59","modified_gmt":"2025-03-14T03:18:59","slug":"we-careers-724bc","status":"publish","type":"page","link":"https:\/\/724bc.com.co\/en\/we-careers-724bc\/","title":{"rendered":"We Careers 724BC"},"content":{"rendered":"\t\t<div data-elementor-type=\"wp-page\" data-elementor-id=\"2074\" class=\"elementor elementor-2074 elementor-621\" data-elementor-post-type=\"page\">\n\t\t\t\t<div class=\"elementor-element elementor-element-7ad3de7 e-flex e-con-boxed e-con e-parent\" data-id=\"7ad3de7\" data-element_type=\"container\">\n\t\t\t\t\t<div class=\"e-con-inner\">\n\t\t\t\t<div class=\"elementor-element elementor-element-81dd92c elementor-widget elementor-widget-text-editor\" data-id=\"81dd92c\" data-element_type=\"widget\" data-widget_type=\"text-editor.default\">\n\t\t\t\t<div class=\"elementor-widget-container\">\n\t\t\t\t\t\t\t\t\t<p><span style=\"font-size: 21px; color: #ded60e;\">We <br><\/span>Carreras 724BC<\/p>\t\t\t\t\t\t\t\t<\/div>\n\t\t\t\t<\/div>\n\t\t\t\t<div class=\"elementor-element elementor-element-0e7a33e elementor-widget elementor-widget-image\" data-id=\"0e7a33e\" data-element_type=\"widget\" data-widget_type=\"image.default\">\n\t\t\t\t<div class=\"elementor-widget-container\">\n\t\t\t\t\t\t\t\t\t\t\t\t\t\t\t<img fetchpriority=\"high\" decoding=\"async\" width=\"627\" height=\"340\" src=\"https:\/\/724bc.com.co\/wp-content\/uploads\/2025\/02\/Enmascarar-grupo-54.jpg\" class=\"attachment-large size-large wp-image-1920\" alt=\"\" srcset=\"https:\/\/724bc.com.co\/wp-content\/uploads\/2025\/02\/Enmascarar-grupo-54.jpg 627w, https:\/\/724bc.com.co\/wp-content\/uploads\/2025\/02\/Enmascarar-grupo-54-300x163.jpg 300w\" sizes=\"(max-width: 627px) 100vw, 627px\" \/>\t\t\t\t\t\t\t\t\t\t\t\t\t\t\t<\/div>\n\t\t\t\t<\/div>\n\t\t\t\t\t<\/div>\n\t\t\t\t<\/div>\n\t\t<div class=\"elementor-element elementor-element-69289ce e-flex e-con-boxed e-con e-parent\" data-id=\"69289ce\" data-element_type=\"container\" data-settings=\"{&quot;background_background&quot;:&quot;classic&quot;}\">\n\t\t\t\t\t<div class=\"e-con-inner\">\n\t\t<div class=\"elementor-element elementor-element-24d9ff8 e-con-full e-flex e-con e-child\" data-id=\"24d9ff8\" data-element_type=\"container\" data-settings=\"{&quot;background_background&quot;:&quot;classic&quot;}\">\n\t\t\t\t<div class=\"elementor-element elementor-element-f913403 elementor-widget elementor-widget-text-editor\" data-id=\"f913403\" data-element_type=\"widget\" data-widget_type=\"text-editor.default\">\n\t\t\t\t<div class=\"elementor-widget-container\">\n\t\t\t\t\t\t\t\t\t<p>Join the best team<\/p>\t\t\t\t\t\t\t\t<\/div>\n\t\t\t\t<\/div>\n\t\t\t\t<div class=\"elementor-element elementor-element-660b8de elementor-widget elementor-widget-text-editor\" data-id=\"660b8de\" data-element_type=\"widget\" data-widget_type=\"text-editor.default\">\n\t\t\t\t<div class=\"elementor-widget-container\">\n\t\t\t\t\t\t\t\t\t<p>Explore opportunities to grow at 724BC, we are looking for passionate and committed talent, eager to <br>face challenges and contribute to innovative projects.<\/p>\t\t\t\t\t\t\t\t<\/div>\n\t\t\t\t<\/div>\n\t\t\t\t<\/div>\n\t\t\t\t\t<\/div>\n\t\t\t\t<\/div>\n\t\t<div class=\"elementor-element elementor-element-978146d e-flex e-con-boxed e-con e-parent\" data-id=\"978146d\" data-element_type=\"container\">\n\t\t\t\t\t<div class=\"e-con-inner\">\n\t\t\t\t<div class=\"elementor-element elementor-element-339ac49 elementor-widget elementor-widget-text-editor\" data-id=\"339ac49\" data-element_type=\"widget\" data-widget_type=\"text-editor.default\">\n\t\t\t\t<div class=\"elementor-widget-container\">\n\t\t\t\t\t\t\t\t\t<p>Why join us?<\/p>\t\t\t\t\t\t\t\t<\/div>\n\t\t\t\t<\/div>\n\t\t<div class=\"elementor-element elementor-element-033efb2 e-con-full e-flex e-con e-child\" data-id=\"033efb2\" data-element_type=\"container\">\n\t\t\t\t<div class=\"elementor-element elementor-element-611ee64 elementor-align-center elementor-align-center elementor-widget__width-initial icon-unirte-nosotros elementor-widget elementor-widget-ld_icon_box\" data-id=\"611ee64\" data-element_type=\"widget\" data-widget_type=\"ld_icon_box.default\">\n\t\t\t\t<div class=\"elementor-widget-container\">\n\t\t\t\t\t\n\t\t\t<div id=\"ld_icon_box_611ee64\" class=\"iconbox d-flex flex-grow-1 pos-rel iconbox-side\"   >\n\n\t\t\t\t\n\t\t\t\t<div class=\"iconbox-icon-wrap  \"><div class=\"iconbox-icon-container d-inline-flex   \"><img decoding=\"async\" src=\"https:\/\/724bc.com.co\/wp-content\/uploads\/2025\/02\/236d788e91926688d516e4f9dcd59f7e.jpg\" class=\"lqd-image-icon\" alt=\"Remote work\" \/><\/div><\/div>\n\t\t\t\t\n\t\t\t\t<div class=\"contents \">\n\t\t\t\t\n\t\t\t\t<h3 class=\"lqd-iconbox-heading \" >Remote work <\/h3>\t\t\t\t<p>Possibility of working from home with flexible schedules that allow you to find a balance between your personal life and professional development.<\/p>\n\t\t\t\t\n\t\t\t\t<\/div>\n\t\t\t\t\n\t\t\t<\/div>\n\n\t\t\t\t\t\t<\/div>\n\t\t\t\t<\/div>\n\t\t\t\t<div class=\"elementor-element elementor-element-bd3556d elementor-align-center elementor-widget__width-initial elementor-align-center icon-unirte-nosotros elementor-widget elementor-widget-ld_icon_box\" data-id=\"bd3556d\" data-element_type=\"widget\" data-widget_type=\"ld_icon_box.default\">\n\t\t\t\t<div class=\"elementor-widget-container\">\n\t\t\t\t\t\n\t\t\t<div id=\"ld_icon_box_bd3556d\" class=\"iconbox d-flex flex-grow-1 pos-rel iconbox-side\"   >\n\n\t\t\t\t\n\t\t\t\t<div class=\"iconbox-icon-wrap  \"><div class=\"iconbox-icon-container d-inline-flex   \"><img decoding=\"async\" src=\"https:\/\/724bc.com.co\/wp-content\/uploads\/2025\/02\/78dd6c81c89794276c87d0ce2bdb4525.jpg\" class=\"lqd-image-icon\" alt=\"Professional development\" \/><\/div><\/div>\n\t\t\t\t\n\t\t\t\t<div class=\"contents \">\n\t\t\t\t\n\t\t\t\t<h3 class=\"lqd-iconbox-heading \" >Professional development <\/h3>\t\t\t\t<p>Access to ongoing mentoring to enhance your professional growth.<\/p>\n\t\t\t\t\n\t\t\t\t<\/div>\n\t\t\t\t\n\t\t\t<\/div>\n\n\t\t\t\t\t\t<\/div>\n\t\t\t\t<\/div>\n\t\t\t\t<div class=\"elementor-element elementor-element-a988e3d elementor-align-center elementor-widget__width-initial elementor-align-center icon-unirte-nosotros elementor-widget elementor-widget-ld_icon_box\" data-id=\"a988e3d\" data-element_type=\"widget\" data-widget_type=\"ld_icon_box.default\">\n\t\t\t\t<div class=\"elementor-widget-container\">\n\t\t\t\t\t\n\t\t\t<div id=\"ld_icon_box_a988e3d\" class=\"iconbox d-flex flex-grow-1 pos-rel iconbox-side\"   >\n\n\t\t\t\t\n\t\t\t\t<div class=\"iconbox-icon-wrap  \"><div class=\"iconbox-icon-container d-inline-flex   \"><img decoding=\"async\" src=\"https:\/\/724bc.com.co\/wp-content\/uploads\/2025\/02\/d106bd10a71c5020cf33e351610a5822.jpg\" class=\"lqd-image-icon\" alt=\"Collaborative environment\" \/><\/div><\/div>\n\t\t\t\t\n\t\t\t\t<div class=\"contents \">\n\t\t\t\t\n\t\t\t\t<h3 class=\"lqd-iconbox-heading \" >Collaborative environment <\/h3>\t\t\t\t<p>Integration in a dynamic and committed team that values new ideas and perspectives.<\/p>\n\t\t\t\t\n\t\t\t\t<\/div>\n\t\t\t\t\n\t\t\t<\/div>\n\n\t\t\t\t\t\t<\/div>\n\t\t\t\t<\/div>\n\t\t\t\t<\/div>\n\t\t\t\t\t<\/div>\n\t\t\t\t<\/div>\n\t\t<div class=\"elementor-element elementor-element-d9884e6 e-flex e-con-boxed e-con e-parent\" data-id=\"d9884e6\" data-element_type=\"container\">\n\t\t\t\t\t<div class=\"e-con-inner\">\n\t\t\t\t<div class=\"elementor-element elementor-element-62c2090 elementor-widget elementor-widget-text-editor\" data-id=\"62c2090\" data-element_type=\"widget\" data-widget_type=\"text-editor.default\">\n\t\t\t\t<div class=\"elementor-widget-container\">\n\t\t\t\t\t\t\t\t\t<p>Send us your resume and<span style=\"color: #00a5cc;\"> join our team<\/span>.<\/p>\t\t\t\t\t\t\t\t<\/div>\n\t\t\t\t<\/div>\n\t\t<div class=\"elementor-element elementor-element-21e169f e-con-full formulario-hoja-de-vida e-flex e-con e-child\" data-id=\"21e169f\" data-element_type=\"container\">\n\t\t\t\t<div class=\"elementor-element elementor-element-43ae05b fluent-form-widget-step-header-yes fluent-form-widget-step-progressbar-yes fluentform-widget-submit-button-custom elementor-widget elementor-widget-fluent-form-widget\" data-id=\"43ae05b\" data-element_type=\"widget\" data-widget_type=\"fluent-form-widget.default\">\n\t\t\t\t<div class=\"elementor-widget-container\">\n\t\t\t\t\t\n            <div class=\"fluentform-widget-wrapper fluentform-widget-align-default\">\n\n            \n            <div class='fluentform ff-default fluentform_wrapper_3 ffs_default_wrap'><form data-form_id=\"3\" id=\"fluentform_3\" class=\"frm-fluent-form fluent_form_3 ff-el-form-top ff_form_instance_3_1 ff-form-loading ffs_default\" data-form_instance=\"ff_form_instance_3_1\" method=\"POST\" ><fieldset  style=\"border: none!important;margin: 0!important;padding: 0!important;background-color: transparent!important;box-shadow: none!important;outline: none!important; min-inline-size: 100%;\">\n                    <legend class=\"ff_screen_reader_title\" style=\"display: block; margin: 0!important;padding: 0!important;height: 0!important;text-indent: -999999px;width: 0!important;overflow:hidden;\">formulario nosotros<\/legend><input type='hidden' name='__fluent_form_embded_post_id' value='2074' \/><input type=\"hidden\" id=\"_fluentform_3_fluentformnonce\" name=\"_fluentform_3_fluentformnonce\" value=\"249cb73e73\" \/><input type=\"hidden\" name=\"_wp_http_referer\" value=\"\/en\/wp-json\/wp\/v2\/pages\/2074\" \/><div data-type=\"name-element\" data-name=\"names\" class=\" ff-field_container ff-name-field-wrapper\" ><div class='ff-t-container'><div class='ff-t-cell '><div class='ff-el-group ff-el-form-top'><div class=\"ff-el-input--label ff-el-is-required asterisk-right\"><label for='ff_3_names_first_name_' id='label_ff_3_names_first_name_' >Nombre completo<\/label><\/div><div class='ff-el-input--content'><input type=\"text\" name=\"names[first_name]\" id=\"ff_3_names_first_name_\" class=\"ff-el-form-control\" aria-invalid=\"false\" aria-required=true><\/div><\/div><\/div><\/div><\/div><div data-name=\"ff_cn_id_1\"  class='ff-t-container ff-column-container ff_columns_total_2 '><div class='ff-t-cell ff-t-column-1' style='flex-basis: 50%;'><div class='ff-el-group'><div class=\"ff-el-input--label ff-el-is-required asterisk-right\"><label for='ff_3_email' id='label_ff_3_email' aria-label=\"Email\">Email<\/label><\/div><div class='ff-el-input--content'><input type=\"email\" name=\"email\" id=\"ff_3_email\" class=\"ff-el-form-control\" data-name=\"email\"  aria-invalid=\"false\" aria-required=true><\/div><\/div><\/div><div class='ff-t-cell ff-t-column-2' style='flex-basis: 50%;'><div class='ff-el-group'><div class=\"ff-el-input--label ff-el-is-required asterisk-right\"><label for='ff_3_phone' id='label_ff_3_phone' aria-label=\"Celular\">Celular<\/label><\/div><div class='ff-el-input--content'><input name=\"phone\" class=\"ff-el-form-control ff-el-phone ff_el_with_extended_validation\" type=\"tel\" data-name=\"phone\" id=\"ff_3_phone\" inputmode=\"tel\"  aria-invalid='false' aria-required=true><\/div><\/div><\/div><\/div><div class='ff-el-group boton-hoja-de-vida'><div class='ff-el-input--content'><label for='ff_3_file-upload_1' class='ff_file_upload_holder'><span class='ff_upload_btn ff-btn'>Adjuntar Hoja de Vida<\/span> <input type=\"file\" name=\"file-upload\" id=\"ff_3_file-upload_1\" class=\"ff-el-form-control  ff-screen-reader-element\" data-name=\"file-upload\" multiple=\"1\"  aria-invalid='false' aria-required=true><\/label><\/div><\/div><div class='ff-el-group    ff-el-input--content'><div class='ff-el-form-check ff-el-tc'><label aria-label='Al enviar esta solicitud, confirmo que he le\u00eddo la Pol\u00edtica de Privacidad y autorizo a 724BC a almacenar mis datos personales para poder procesar mi aplicaci\u00f3n.' class='ff-el-form-check-label ff_tc_label' for=terms-n-condition_41fb31ba46176e0c9a115a3da42450f3><span class='ff_tc_checkbox'><input type=\"checkbox\" name=\"terms-n-condition\" class=\"ff-el-form-check-input\" data-name=\"terms-n-condition\" id=\"terms-n-condition_41fb31ba46176e0c9a115a3da42450f3\"  value='on' aria-invalid='false' aria-required=false><\/span> <div class='ff_t_c'><p>Al enviar esta solicitud, confirmo que he le\u00eddo la Pol\u00edtica de Privacidad y autorizo a 724BC a almacenar mis datos personales para poder procesar mi aplicaci\u00f3n.<\/p><\/div><\/label><\/div><\/div><div class='ff-el-group    ff-el-input--content'><div class='ff-el-form-check ff-el-tc'><label aria-label='724BC puede contactarme directamente sobre futuras oportunidades laborales espec\u00edficas.' class='ff-el-form-check-label ff_tc_label' for=terms-n-condition_1_7aa533b6bed05193673b8ac5b0fd7af2><span class='ff_tc_checkbox'><input type=\"checkbox\" name=\"terms-n-condition_1\" class=\"ff-el-form-check-input\" data-name=\"terms-n-condition_1\" id=\"terms-n-condition_1_7aa533b6bed05193673b8ac5b0fd7af2\"  value='on' aria-invalid='false' aria-required=false><\/span> <div class='ff_t_c'><p>724BC puede contactarme directamente sobre futuras oportunidades laborales espec\u00edficas.<\/p><\/div><\/label><\/div><\/div><div class='ff-el-group ' ><div class='ff-el-input--content'><div data-fluent_id='3' name='h-captcha-response'><div\n\t\tdata-sitekey='ace0a0d8-6df4-450a-b86a-7aa0a964dc02'\n\t\tid='fluentform-hcaptcha-3-1'\n\t\tclass='ff-el-hcaptcha h-captcha'><\/div><\/div><\/div><\/div><div class='ff-el-group ff-text-center ff_submit_btn_wrapper'><button type=\"submit\" class=\"ff-btn ff-btn-submit ff-btn-md ff_btn_style wpf_has_custom_css\"  aria-label=\"Enviar\">Enviar<\/button><\/div><\/fieldset><\/form><div id='fluentform_3_errors' class='ff-errors-in-stack ff_form_instance_3_1 ff-form-loading_errors ff_form_instance_3_1_errors'><\/div><\/div>            <script type=\"text\/javascript\">\n                window.fluent_form_ff_form_instance_3_1 = {\"id\":\"3\",\"settings\":{\"layout\":{\"labelPlacement\":\"top\",\"asteriskPlacement\":\"asterisk-right\",\"helpMessagePlacement\":\"with_label\",\"errorMessagePlacement\":\"inline\",\"cssClassName\":\"\"},\"restrictions\":{\"denyEmptySubmission\":{\"enabled\":false}}},\"form_instance\":\"ff_form_instance_3_1\",\"form_id_selector\":\"fluentform_3\",\"rules\":{\"names[first_name]\":{\"required\":{\"value\":true,\"message\":\"Este campo es obligatorio\",\"global_message\":\"Este campo es obligatorio\",\"global\":false}},\"names[middle_name]\":{\"required\":{\"value\":false,\"message\":\"This field is required\",\"global_message\":\"Este campo es obligatorio\",\"global\":true}},\"names[last_name]\":{\"required\":{\"value\":false,\"message\":\"This field is required\",\"global_message\":\"Este campo es obligatorio\",\"global\":true}},\"email\":{\"required\":{\"value\":true,\"message\":\"Este campo es obligatorio\",\"global_message\":\"Este campo es obligatorio\",\"global\":false},\"email\":{\"value\":true,\"message\":\"Este correo no es valido \",\"global_message\":\"Este campo debe contener un correo electr\\u00f3nico v\\u00e1lido\",\"global\":false}},\"phone\":{\"required\":{\"value\":true,\"message\":\"Este campo es obligatorio\",\"global\":false,\"global_message\":\"Este campo es obligatorio\"},\"valid_phone_number\":{\"value\":true,\"message\":\"Numero no valido\",\"global\":false,\"global_message\":\"Phone number is not valid\"}},\"file-upload\":{\"required\":{\"value\":true,\"message\":\"Este campo es obligatorio\",\"global_message\":\"Este campo es obligatorio\",\"global\":false},\"max_file_size\":{\"value\":5242880,\"_valueFrom\":\"MB\",\"message\":\"Falla la validaci\\u00f3n del tama\\u00f1o m\\u00e1ximo de archivo\",\"global_message\":\"La validaci\\u00f3n falla por el tama\\u00f1o m\\u00e1ximo de archivo\",\"global\":false},\"max_file_count\":{\"value\":1,\"message\":\"Falla la validaci\\u00f3n del n\\u00famero m\\u00e1ximo de archivos\",\"global_message\":\"La validaci\\u00f3n falla para el recuento m\\u00e1ximo de archivos\",\"global\":false},\"allowed_file_types\":{\"value\":[\"doc|ppt|pps|xls|mdb|docx|xlsx|pptx|odt|odp|ods|odg|odc|odb|odf|rtf|txt\",\"pdf\"],\"message\":\"Allowed image types does not match\",\"global_message\":\"Tipo de archivo no v\\u00e1lido\",\"global\":false}},\"terms-n-condition\":{\"required\":{\"value\":false,\"message\":\"This field is required\",\"global_message\":\"Este campo es obligatorio\",\"global\":true}},\"terms-n-condition_1\":{\"required\":{\"value\":false,\"message\":\"This field is required\",\"global_message\":\"Este campo es obligatorio\",\"global\":true}},\"h-captcha-response\":[]},\"debounce_time\":300};\n                            <\/script>\n                        <\/div>\n\n            \t\t\t\t<\/div>\n\t\t\t\t<\/div>\n\t\t\t\t<\/div>\n\t\t\t\t\t<\/div>\n\t\t\t\t<\/div>\n\t\t\t\t<\/div>\n\t\t","protected":false},"excerpt":{"rendered":"<p>We Carreras 724BC Join the best team Explore opportunities to grow at 724BC, we are looking for passionate and committed talent, eager to face challenges and contribute to innovative projects. Why join us? Remote work Possibility of working from home with flexible schedules that allow you to find a balance between your personal life and [&hellip;]<\/p>\n","protected":false},"author":2,"featured_media":0,"parent":0,"menu_order":0,"comment_status":"closed","ping_status":"closed","template":"","meta":{"footnotes":""},"class_list":["post-2074","page","type-page","status-publish","hentry"],"_links":{"self":[{"href":"https:\/\/724bc.com.co\/en\/wp-json\/wp\/v2\/pages\/2074","targetHints":{"allow":["GET"]}}],"collection":[{"href":"https:\/\/724bc.com.co\/en\/wp-json\/wp\/v2\/pages"}],"about":[{"href":"https:\/\/724bc.com.co\/en\/wp-json\/wp\/v2\/types\/page"}],"author":[{"embeddable":true,"href":"https:\/\/724bc.com.co\/en\/wp-json\/wp\/v2\/users\/2"}],"replies":[{"embeddable":true,"href":"https:\/\/724bc.com.co\/en\/wp-json\/wp\/v2\/comments?post=2074"}],"version-history":[{"count":14,"href":"https:\/\/724bc.com.co\/en\/wp-json\/wp\/v2\/pages\/2074\/revisions"}],"predecessor-version":[{"id":3912,"href":"https:\/\/724bc.com.co\/en\/wp-json\/wp\/v2\/pages\/2074\/revisions\/3912"}],"wp:attachment":[{"href":"https:\/\/724bc.com.co\/en\/wp-json\/wp\/v2\/media?parent=2074"}],"curies":[{"name":"wp","href":"https:\/\/api.w.org\/{rel}","templated":true}]}}